{"id":548,"date":"2019-10-16T09:32:00","date_gmt":"2019-10-16T09:32:00","guid":{"rendered":"https:\/\/bridge263.qodeinteractive.com\/?page_id=190"},"modified":"2024-10-14T15:00:26","modified_gmt":"2024-10-14T15:00:26","slug":"contacto","status":"publish","type":"page","link":"https:\/\/2ymasesores.com\/en\/contacto\/","title":{"rendered":"Contact"},"content":{"rendered":"<div data-elementor-type=\"wp-page\" data-elementor-id=\"548\" class=\"elementor elementor-548\">\n\t\t\t\t\t\t<section class=\"elementor-section elementor-top-section elementor-element elementor-element-d887cdf elementor-section-full_width elementor-section-height-default elementor-section-height-default parallax_section_no qode_elementor_container_no\" data-id=\"d887cdf\" data-element_type=\"section\">\n\t\t\t\t\t\t<div class=\"elementor-container elementor-column-gap-default\">\n\t\t\t\t\t<div class=\"elementor-column elementor-col-100 elementor-top-column elementor-element elementor-element-1cccf58\" data-id=\"1cccf58\" data-element_type=\"column\">\n\t\t\t<div class=\"elementor-widget-wrap\">\n\t\t\t\t\t\t\t<\/div>\n\t\t<\/div>\n\t\t\t\t\t<\/div>\n\t\t<\/section>\n\t\t\t\t<section class=\"elementor-section elementor-top-section elementor-element elementor-element-e33be74 qode_elementor_container_inner elementor-section-boxed elementor-section-height-default elementor-section-height-default parallax_section_no\" data-id=\"e33be74\" data-element_type=\"section\">\n\t\t\t\t\t\t<div class=\"elementor-container elementor-column-gap-default\">\n\t\t\t\t\t<div class=\"elementor-column elementor-col-50 elementor-top-column elementor-element elementor-element-f172498\" data-id=\"f172498\" data-element_type=\"column\">\n\t\t\t<div class=\"elementor-widget-wrap elementor-element-populated\">\n\t\t\t\t\t\t<div class=\"elementor-element elementor-element-339126c elementor-widget elementor-widget-heading\" data-id=\"339126c\" data-element_type=\"widget\" data-widget_type=\"heading.default\">\n\t\t\t\t<div class=\"elementor-widget-container\">\n\t\t\t<h6 class=\"elementor-heading-title elementor-size-default\">ContactO<\/h6>\t\t<\/div>\n\t\t\t\t<\/div>\n\t\t\t\t<div class=\"elementor-element elementor-element-e16a9c6 elementor-widget elementor-widget-heading\" data-id=\"e16a9c6\" data-element_type=\"widget\" data-widget_type=\"heading.default\">\n\t\t\t\t<div class=\"elementor-widget-container\">\n\t\t\t<h2 class=\"elementor-heading-title elementor-size-default\">Request information<\/h2>\t\t<\/div>\n\t\t\t\t<\/div>\n\t\t\t\t<div class=\"elementor-element elementor-element-7099134 elementor-widget elementor-widget-heading\" data-id=\"7099134\" data-element_type=\"widget\" data-widget_type=\"heading.default\">\n\t\t\t\t<div class=\"elementor-widget-container\">\n\t\t\t<h5 class=\"elementor-heading-title elementor-size-default\">To request a quote for accounting, tax, labor or income tax advice, contact us through the form.<br><br>\n\nEstamos disponible de Lunes a Viernes:\n09:30 \u2013 19:00 h y S\u00e1bados: 10:00 \u2013 14:00 h<\/h5>\t\t<\/div>\n\t\t\t\t<\/div>\n\t\t\t\t<section class=\"elementor-section elementor-inner-section elementor-element elementor-element-168c783 elementor-section-boxed elementor-section-height-default elementor-section-height-default parallax_section_no qode_elementor_container_no\" data-id=\"168c783\" data-element_type=\"section\">\n\t\t\t\t\t\t<div class=\"elementor-container elementor-column-gap-default\">\n\t\t\t\t\t<div class=\"elementor-column elementor-col-100 elementor-inner-column elementor-element elementor-element-bd2d9e7\" data-id=\"bd2d9e7\" data-element_type=\"column\">\n\t\t\t<div class=\"elementor-widget-wrap elementor-element-populated\">\n\t\t\t\t\t\t<div class=\"elementor-element elementor-element-7209dac elementor-widget elementor-widget-heading\" data-id=\"7209dac\" data-element_type=\"widget\" data-widget_type=\"heading.default\">\n\t\t\t\t<div class=\"elementor-widget-container\">\n\t\t\t<h4 class=\"elementor-heading-title elementor-size-default\"><span style=\"font-size:17px\">Find us in:<\/span><\/h4>\t\t<\/div>\n\t\t\t\t<\/div>\n\t\t\t\t<div class=\"elementor-element elementor-element-befbec4 elementor-widget elementor-widget-bridge_icon_text\" data-id=\"befbec4\" data-element_type=\"widget\" data-widget_type=\"bridge_icon_text.default\">\n\t\t\t\t<div class=\"elementor-widget-container\">\n\t\t\t<div class='q_icon_with_title tiny normal_icon'><div class=\"icon_holder\" style=\" \"><span data-icon-type=\"normal\"   style=\"font-size: 15px;\" class=\"qode_iwt_icon_holder q_font_awsome_icon fa-lg\"><i class=\"qode_icon_font_awesome fa fa-phone qode_iwt_icon_element\" style=\"\" ><\/i><\/span><\/div><div class=\"icon_text_holder\" style=\"padding-left:33px;\"><div class=\"icon_text_inner\" style=\"\"><h5 class=\"icon_title\" style=\"\"><\/h5><p style=''><\/p><a itemprop='url' class='icon_with_title_link' href='tel:0034648756893' target='_blank' style='color: #777777;'>648756893<\/a><\/div><\/div><\/div>\t\t<\/div>\n\t\t\t\t<\/div>\n\t\t\t\t<div class=\"elementor-element elementor-element-b30d6d8 elementor-widget elementor-widget-bridge_icon_text\" data-id=\"b30d6d8\" data-element_type=\"widget\" data-widget_type=\"bridge_icon_text.default\">\n\t\t\t\t<div class=\"elementor-widget-container\">\n\t\t\t<div class='q_icon_with_title tiny normal_icon'><div class=\"icon_holder\" style=\" \"><span data-icon-type=\"normal\"   style=\"font-size: 15px;\" class=\"qode_iwt_icon_holder q_font_awsome_icon\"><i class=\"qode_icon_font_awesome fa fa-envelope qode_iwt_icon_element\" style=\"\" ><\/i><\/span><\/div><div class=\"icon_text_holder\" style=\"padding-left:33px;\"><div class=\"icon_text_inner\" style=\"\"><h5 class=\"icon_title\" style=\"\"><\/h5><p style=''><\/p><a itemprop='url' class='icon_with_title_link' href='mailto:info@2ymasesores.com' target='_blank' style='color: #777777;'>info@2ymasesores.com<\/a><\/div><\/div><\/div>\t\t<\/div>\n\t\t\t\t<\/div>\n\t\t\t\t<div class=\"elementor-element elementor-element-4b66a7f elementor-widget elementor-widget-bridge_icon_text\" data-id=\"4b66a7f\" data-element_type=\"widget\" data-widget_type=\"bridge_icon_text.default\">\n\t\t\t\t<div class=\"elementor-widget-container\">\n\t\t\t<div class='q_icon_with_title tiny normal_icon'><div class=\"icon_holder\" style=\" \"><span data-icon-type=\"normal\"   style=\"font-size: 15px;\" class=\"qode_iwt_icon_holder q_font_awsome_icon\"><i class=\"qode_icon_font_awesome fa fa-facebook qode_iwt_icon_element\" style=\"\" ><\/i><\/span><\/div><div class=\"icon_text_holder\" style=\"padding-left:33px;\"><div class=\"icon_text_inner\" style=\"\"><h5 class=\"icon_title\" style=\"\"><\/h5><p style=''><\/p><a itemprop='url' class='icon_with_title_link' href='https:\/\/www.facebook.com\/2ymasesores' target='_blank' style='color: #777777;'>@2ymasesores<\/a><\/div><\/div><\/div>\t\t<\/div>\n\t\t\t\t<\/div>\n\t\t\t\t<div class=\"elementor-element elementor-element-3eb070f elementor-widget elementor-widget-image\" data-id=\"3eb070f\" data-element_type=\"widget\" data-widget_type=\"image.default\">\n\t\t\t\t<div class=\"elementor-widget-container\">\n\t\t\t\t\t\t\t\t\t\t\t\t\t\t<a href=\"https:\/\/2ymasesores.com\/en\/\">\n\t\t\t\t\t\t\t<img fetchpriority=\"high\" decoding=\"async\" width=\"300\" height=\"201\" src=\"https:\/\/2ymasesores.com\/wp-content\/uploads\/2023\/11\/2ym-Asesores-positivo-300x201.png\" class=\"attachment-medium size-medium wp-image-986\" alt=\"2ym Asesores - Torremolinos, M\u00e1laga\" srcset=\"\" sizes=\"(max-width: 300px) 100vw, 300px\" data-srcset=\"\" \/>\t\t\t\t\t\t\t\t<\/a>\n\t\t\t\t\t\t\t\t\t\t\t\t\t<\/div>\n\t\t\t\t<\/div>\n\t\t\t\t<div class=\"elementor-element elementor-element-5fbf233 elementor-widget elementor-widget-spacer\" data-id=\"5fbf233\" data-element_type=\"widget\" data-widget_type=\"spacer.default\">\n\t\t\t\t<div class=\"elementor-widget-container\">\n\t\t\t\t\t<div class=\"elementor-spacer\">\n\t\t\t<div class=\"elementor-spacer-inner\"><\/div>\n\t\t<\/div>\n\t\t\t\t<\/div>\n\t\t\t\t<\/div>\n\t\t\t\t\t<\/div>\n\t\t<\/div>\n\t\t\t\t\t<\/div>\n\t\t<\/section>\n\t\t\t\t<div class=\"elementor-element elementor-element-6ffd9bb elementor-widget elementor-widget-bridge_icon_text\" data-id=\"6ffd9bb\" data-element_type=\"widget\" data-widget_type=\"bridge_icon_text.default\">\n\t\t\t\t<div class=\"elementor-widget-container\">\n\t\t\t<div class='q_icon_with_title tiny custom_icon_image'><div class=\"icon_holder\" style=\" \"><img decoding=\"async\" itemprop=\"image\" style=\"\" src=\"https:\/\/2ymasesores.com\/wp-content\/uploads\/2023\/11\/2ym-Asesores-Balanza-azul.png\" alt=\"2ym Asesores - Torremolinos, M\u00e1laga\"><\/div><div class=\"icon_text_holder\" style=\"\"><div class=\"icon_text_inner\" style=\"\"><h5 class=\"icon_title\" style=\"\">Committed to your business<\/h5><p style=''><\/p><\/div><\/div><\/div>\t\t<\/div>\n\t\t\t\t<\/div>\n\t\t\t\t\t<\/div>\n\t\t<\/div>\n\t\t\t\t<div class=\"elementor-column elementor-col-50 elementor-top-column elementor-element elementor-element-b630776\" data-id=\"b630776\" data-element_type=\"column\">\n\t\t\t<div class=\"elementor-widget-wrap elementor-element-populated\">\n\t\t\t\t\t\t<div class=\"elementor-element elementor-element-80af759 elementor-widget elementor-widget-bridge_cf_7\" data-id=\"80af759\" data-element_type=\"widget\" data-widget_type=\"bridge_cf_7.default\">\n\t\t\t\t<div class=\"elementor-widget-container\">\n\t\t\t    <div class=\"qode-contact-form-7 qode-contact-form-7-0\">\n    \n<div class=\"wpcf7 no-js\" id=\"wpcf7-f209-o1\" lang=\"en-US\" dir=\"ltr\">\n<div class=\"screen-reader-response\"><p role=\"status\" aria-live=\"polite\" aria-atomic=\"true\"><\/p> <ul><\/ul><\/div>\n<form action=\"\/wp-json\/wp\/v2\/pages\/548\" method=\"post\" class=\"wpcf7-form init cf7_custom_style_3\" aria-label=\"Contact form\" novalidate=\"novalidate\" data-status=\"init\" data-trp-original-action=\"\/en\/wp-json\/wp\/v2\/pages\/548#wpcf7-f209-o1\">\n<div style=\"display: none;\">\n<input type=\"hidden\" name=\"_wpcf7\" value=\"209\" \/>\n<input type=\"hidden\" name=\"_wpcf7_version\" value=\"5.9.8\" \/>\n<input type=\"hidden\" name=\"_wpcf7_locale\" value=\"en_US\" \/>\n<input type=\"hidden\" name=\"_wpcf7_unit_tag\" value=\"wpcf7-f209-o1\" \/>\n<input type=\"hidden\" name=\"_wpcf7_container_post\" value=\"0\" \/>\n<input type=\"hidden\" name=\"_wpcf7_posted_data_hash\" value=\"\" \/>\n<input type=\"hidden\" name=\"_wpcf7_recaptcha_response\" value=\"\" \/>\n<\/div>\n<div class=\"two_columns_50_50 clearfix\">\n\t<div class=\"column1\">\n\t\t<div class=\"column_inner\">\n\t\t\t<p><span class=\"wpcf7-form-control-wrap\" data-name=\"first-name\"><input size=\"40\" maxlength=\"400\" class=\"wpcf7-form-control wpcf7-text wpcf7-validates-as-required\" aria-required=\"true\" aria-invalid=\"false\" placeholder=\"Name*\" value=\"\" type=\"text\" name=\"first-name\" \/><\/span>\n\t\t\t<\/p>\n\t\t<\/div>\n\t\t<div class=\"column_inner\">\n\t\t\t<p><span class=\"wpcf7-form-control-wrap\" data-name=\"last-name\"><input size=\"40\" maxlength=\"400\" class=\"wpcf7-form-control wpcf7-text\" aria-invalid=\"false\" placeholder=\"Surname\" value=\"\" type=\"text\" name=\"last-name\" \/><\/span>\n\t\t\t<\/p>\n\t\t<\/div>\n\t<\/div>\n\t<div class=\"column2\">\n\t\t<div class=\"column_inner\">\n\t\t\t<p><span class=\"wpcf7-form-control-wrap\" data-name=\"mail-2ym\"><input size=\"40\" maxlength=\"400\" class=\"wpcf7-form-control wpcf7-email wpcf7-validates-as-required wpcf7-text wpcf7-validates-as-email\" aria-required=\"true\" aria-invalid=\"false\" placeholder=\"E-mail*\" value=\"\" type=\"email\" name=\"mail-2ym\" \/><\/span>\n\t\t\t<\/p>\n\t\t<\/div>\n\t\t<div class=\"column_inner\">\n\t\t\t<p><span class=\"wpcf7-form-control-wrap\" data-name=\"tel-2ym\"><input size=\"40\" maxlength=\"400\" class=\"wpcf7-form-control wpcf7-tel wpcf7-validates-as-required wpcf7-text wpcf7-validates-as-tel\" aria-required=\"true\" aria-invalid=\"false\" placeholder=\"Phone*\" value=\"\" type=\"tel\" name=\"tel-2ym\" \/><\/span>\n\t\t\t<\/p>\n\t\t<\/div>\n\t<\/div>\n<\/div>\n<div>\n\t<p><span class=\"wpcf7-form-control-wrap\" data-name=\"message\"><textarea cols=\"40\" rows=\"10\" maxlength=\"2000\" class=\"wpcf7-form-control wpcf7-textarea\" aria-invalid=\"false\" placeholder=\"Message\" name=\"message\"><\/textarea><\/span>\n\t<\/p>\n<\/div>\n<div>\n\t<p><span class=\"wpcf7-form-control-wrap\" data-name=\"acceptance-01-2ym\"><span class=\"wpcf7-form-control wpcf7-acceptance\"><span class=\"wpcf7-list-item\"><label><input type=\"checkbox\" name=\"acceptance-01-2ym\" value=\"1\" aria-invalid=\"false\" \/><span class=\"wpcf7-list-item-label\">I confirm that I have read and accept the <a href=\"http:\/\/2ymasesores.com\/en\/politica-de-privacidad\/\"> Privacy Policy. <\/a><\/span><\/label><\/span><\/span><\/span>\n\t<\/p>\n<\/div>\n<div>\n\t<p><span class=\"wpcf7-form-control-wrap\" data-name=\"acceptance-02-2ym\"><span class=\"wpcf7-form-control wpcf7-acceptance optional\"><span class=\"wpcf7-list-item\"><label><input type=\"checkbox\" name=\"acceptance-02-2ym\" value=\"1\" aria-invalid=\"false\" \/><span class=\"wpcf7-list-item-label\">I consent to the use of my data for commercial shipments.<\/span><\/label><\/span><\/span><\/span>\n\t<\/p>\n<\/div>\n<div>\n\t<p><input class=\"wpcf7-form-control wpcf7-submit has-spinner\" type=\"submit\" value=\"Send consult\" \/>\n\t<\/p>\n<\/div><div class=\"wpcf7-response-output\" aria-hidden=\"true\"><\/div>\n<input type=\"hidden\" name=\"trp-form-language\" value=\"en\"\/><\/form>\n<\/div>\n    <\/div>\n\t\t<\/div>\n\t\t\t\t<\/div>\n\t\t\t\t<div class=\"elementor-element elementor-element-5e2fa39 elementor-widget elementor-widget-heading\" data-id=\"5e2fa39\" data-element_type=\"widget\" data-widget_type=\"heading.default\">\n\t\t\t\t<div class=\"elementor-widget-container\">\n\t\t\t<h5 class=\"elementor-heading-title elementor-size-default\"><div><span style=\"font-size:13px;line-height:20px;margin-top:30px;font-weight:bold\">All fields marked with (*) are required.<\/span><span style=\"letter-spacing: 0px\"><\/span><\/div>\n\n<div><span style=\"font-size:12px;line-height:17px;margin-top:30px\">Responsible: 2ym Asesores.<br>Email DPD: info@2ymasesores.com <br>Purpose: Management and response to requests and queries. <br>Rights: Access, rectify and delete data, request data portability, oppose processing, request its limitation and withdraw consent.\n<\/div><\/h5>\t\t<\/div>\n\t\t\t\t<\/div>\n\t\t\t\t\t<\/div>\n\t\t<\/div>\n\t\t\t\t\t<\/div>\n\t\t<\/section>\n\t\t\t\t<section class=\"elementor-section elementor-top-section elementor-element elementor-element-70eeafab elementor-section-boxed elementor-section-height-default elementor-section-height-default parallax_section_no qode_elementor_container_no\" data-id=\"70eeafab\" data-element_type=\"section\">\n\t\t\t\t\t\t<div class=\"elementor-container elementor-column-gap-default\">\n\t\t\t\t\t<div class=\"elementor-column elementor-col-100 elementor-top-column elementor-element elementor-element-24cccb8\" data-id=\"24cccb8\" data-element_type=\"column\">\n\t\t\t<div class=\"elementor-widget-wrap elementor-element-populated\">\n\t\t\t\t\t\t<div class=\"elementor-element elementor-element-27c09b66 elementor-widget elementor-widget-image\" data-id=\"27c09b66\" data-element_type=\"widget\" data-widget_type=\"image.default\">\n\t\t\t\t<div class=\"elementor-widget-container\">\n\t\t\t\t\t\t\t\t\t\t\t\t\t<img decoding=\"async\" width=\"1920\" height=\"179\" src=\"https:\/\/2ymasesores.com\/wp-content\/uploads\/2024\/02\/Publicidad-Kit-Digital-2024.png\" class=\"attachment-full size-full wp-image-1244\" alt=\"Publicidad Kit Digital\" srcset=\"https:\/\/2ymasesores.com\/wp-content\/uploads\/2024\/02\/Publicidad-Kit-Digital-2024.png 1920w, https:\/\/2ymasesores.com\/wp-content\/uploads\/2024\/02\/Publicidad-Kit-Digital-2024-300x28.png 300w, https:\/\/2ymasesores.com\/wp-content\/uploads\/2024\/02\/Publicidad-Kit-Digital-2024-1024x95.png 1024w, https:\/\/2ymasesores.com\/wp-content\/uploads\/2024\/02\/Publicidad-Kit-Digital-2024-768x72.png 768w, https:\/\/2ymasesores.com\/wp-content\/uploads\/2024\/02\/Publicidad-Kit-Digital-2024-1536x143.png 1536w, https:\/\/2ymasesores.com\/wp-content\/uploads\/2024\/02\/Publicidad-Kit-Digital-2024-18x2.png 18w, https:\/\/2ymasesores.com\/wp-content\/uploads\/2024\/02\/Publicidad-Kit-Digital-2024-700x65.png 700w, https:\/\/2ymasesores.com\/wp-content\/uploads\/2024\/02\/Publicidad-Kit-Digital-2024-600x56.png 600w\" sizes=\"(max-width: 1920px) 100vw, 1920px\" \/>\t\t\t\t\t\t\t\t\t\t\t\t\t<\/div>\n\t\t\t\t<\/div>\n\t\t\t\t\t<\/div>\n\t\t<\/div>\n\t\t\t\t\t<\/div>\n\t\t<\/section>\n\t\t\t\t<\/div>","protected":false},"excerpt":{"rendered":"<p>ContactO Solicita Informaci\u00f3n Para solicitar un presupuesto de asesoramiento de contabilidad, fiscal, laboral o declaraci\u00f3n de la renta, cont\u00e1ctanos a trav\u00e9s del formulario. Estamos disponible de Lunes a Viernes: 09:30 \u2013 19:00 h y S\u00e1bados: 10:00 \u2013 14:00 h Encu\u00e9ntranos en: 648756893 info@2ymasesores.com @2ymasesores Comprometidos&#8230;<\/p>","protected":false},"author":1,"featured_media":986,"parent":0,"menu_order":0,"comment_status":"closed","ping_status":"closed","template":"full_width.php","meta":{"footnotes":""},"class_list":["post-548","page","type-page","status-publish","has-post-thumbnail","hentry"],"aioseo_notices":[],"_links":{"self":[{"href":"https:\/\/2ymasesores.com\/en\/wp-json\/wp\/v2\/pages\/548"}],"collection":[{"href":"https:\/\/2ymasesores.com\/en\/wp-json\/wp\/v2\/pages"}],"about":[{"href":"https:\/\/2ymasesores.com\/en\/wp-json\/wp\/v2\/types\/page"}],"author":[{"embeddable":true,"href":"https:\/\/2ymasesores.com\/en\/wp-json\/wp\/v2\/users\/1"}],"replies":[{"embeddable":true,"href":"https:\/\/2ymasesores.com\/en\/wp-json\/wp\/v2\/comments?post=548"}],"version-history":[{"count":59,"href":"https:\/\/2ymasesores.com\/en\/wp-json\/wp\/v2\/pages\/548\/revisions"}],"predecessor-version":[{"id":1958,"href":"https:\/\/2ymasesores.com\/en\/wp-json\/wp\/v2\/pages\/548\/revisions\/1958"}],"wp:featuredmedia":[{"embeddable":true,"href":"https:\/\/2ymasesores.com\/en\/wp-json\/wp\/v2\/media\/986"}],"wp:attachment":[{"href":"https:\/\/2ymasesores.com\/en\/wp-json\/wp\/v2\/media?parent=548"}],"curies":[{"name":"wp","href":"https:\/\/api.w.org\/{rel}","templated":true}]}}