{"id":1674,"date":"2024-09-01T10:17:50","date_gmt":"2024-09-01T10:17:50","guid":{"rendered":"https:\/\/2ymasesores.com\/register\/"},"modified":"2024-10-11T11:43:14","modified_gmt":"2024-10-11T11:43:14","slug":"registro","status":"publish","type":"page","link":"https:\/\/2ymasesores.com\/en\/registro\/","title":{"rendered":"Registro"},"content":{"rendered":"<div class=\"wpb-content-wrapper\">\n<div class=\"um um-register um-1665\">\n\t<div class=\"um-form\" data-mode=\"register\">\n\t\t<form method=\"post\" action=\"\" data-trp-original-action=\"\">\n\t\t\t<div class=\"um-row _um_row_1\" style=\"margin: 0 0 30px 0;\"><div class=\"um-col-1\"><div  id=\"um_field_1665_user_login\" class=\"um-field um-field-text  um-field-user_login um-field-text um-field-type_text\" data-key=\"user_login\"><div class=\"um-field-label\"><label for=\"user_login-1665\">Nombre de usuario<span class=\"um-req\" title=\"Required\">*<\/span><\/label><div class=\"um-clear\"><\/div><\/div><div class=\"um-field-area\"><input  autocomplete=\"off\" class=\"um-form-field valid\" type=\"text\" name=\"user_login-1665\" id=\"user_login-1665\" value=\"\" placeholder=\"\" data-validate=\"unique_username\" data-key=\"user_login\"  aria-invalid=\"false\" \/>\n\n\t\t\t\t\t\t<\/div><\/div><div  id=\"um_field_1665_first_name\" class=\"um-field um-field-text  um-field-first_name um-field-text um-field-type_text\" data-key=\"first_name\"><div class=\"um-field-label\"><label for=\"first_name-1665\">Name<\/label><div class=\"um-clear\"><\/div><\/div><div class=\"um-field-area\"><input  autocomplete=\"off\" class=\"um-form-field valid\" type=\"text\" name=\"first_name-1665\" id=\"first_name-1665\" value=\"\" placeholder=\"\" data-validate=\"\" data-key=\"first_name\"  aria-invalid=\"false\" \/>\n\n\t\t\t\t\t\t<\/div><\/div><div  id=\"um_field_1665_last_name\" class=\"um-field um-field-text  um-field-last_name um-field-text um-field-type_text\" data-key=\"last_name\"><div class=\"um-field-label\"><label for=\"last_name-1665\">Surname<\/label><div class=\"um-clear\"><\/div><\/div><div class=\"um-field-area\"><input  autocomplete=\"off\" class=\"um-form-field valid\" type=\"text\" name=\"last_name-1665\" id=\"last_name-1665\" value=\"\" placeholder=\"\" data-validate=\"\" data-key=\"last_name\"  aria-invalid=\"false\" \/>\n\n\t\t\t\t\t\t<\/div><\/div><div  id=\"um_field_1665_user_email\" class=\"um-field um-field-text  um-field-user_email um-field-text um-field-type_text\" data-key=\"user_email\"><div class=\"um-field-label\"><label for=\"user_email-1665\">Direcci\u00f3n de correo electr\u00f3nico<\/label><div class=\"um-clear\"><\/div><\/div><div class=\"um-field-area\"><input  autocomplete=\"off\" class=\"um-form-field valid\" type=\"text\" name=\"user_email-1665\" id=\"user_email-1665\" value=\"\" placeholder=\"\" data-validate=\"unique_email\" data-key=\"user_email\"  aria-invalid=\"false\" \/>\n\n\t\t\t\t\t\t<\/div><\/div><div  id=\"um_field_1665_user_password\" class=\"um-field um-field-password  um-field-user_password um-field-password um-field-type_password\" data-key=\"user_password\"><div class=\"um-field-label\"><label for=\"user_password-1665\">Contrase\u00f1a<span class=\"um-req\" title=\"Required\">*<\/span><\/label><div class=\"um-clear\"><\/div><\/div><div class=\"um-field-area\"><div class=\"um-field-area-password\">\n\t\t\t\t\t\t\t\t\t<input class=\"um-form-field valid\" type=\"password\" name=\"user_password-1665\" id=\"user_password-1665\" value=\"\" placeholder=\"\" data-validate=\"\" data-key=\"user_password\"  aria-invalid=\"false\" \/>\n\t\t\t\t\t\t\t\t\t<span class=\"um-toggle-password\"><i class=\"um-icon-eye\"><\/i><\/span>\n\t\t\t\t\t\t\t\t<\/div>\n\t\t\t\t\t\t\t<\/div><\/div><div  id=\"um_field_1665_confirm_user_password\" class=\"um-field um-field-password  um-field-user_password um-field-password um-field-type_password\" data-key=\"confirm_user_password\"><div class=\"um-field-label\"><label for=\"confirm_user_password-1665\">Confirm Contrase\u00f1a<span class=\"um-req\" title=\"Required\">*<\/span><\/label><div class=\"um-clear\"><\/div><\/div><div class=\"um-field-area\"><div class=\"um-field-area-password\"><input class=\"um-form-field valid\" type=\"password\" name=\"confirm_user_password-1665\" id=\"confirm_user_password-1665\" value=\"\" placeholder=\"Confirm Contrase\u00f1a\" data-validate=\"\" data-key=\"confirm_user_password\"  aria-invalid=\"false\" \/><span class=\"um-toggle-password\"><i class=\"um-icon-eye\"><\/i><\/span><\/div><\/div><\/div><\/div><\/div>\n<!-- This file should primarily consist of HTML with a little bit of PHP. -->\n<div class=\"um-field um-field-type_terms_conditions\" data-key=\"use_terms_conditions_agreement\" style=\"display:block;padding:0;\">\n\t<div class=\"um-field-area\">\n\t\t<div class=\"um-gdpr-content\" style=\"display:none;\">\n\t\t\t<div class=\"wpb-content-wrapper\"><div      class=\"vc_row wpb_row section vc_row-fluid\" style=' text-align:left;'><div class=\"full_section_inner clearfix\"><div class=\"wpb_column vc_column_container vc_col-sm-12\"><div class=\"vc_column-inner\"><div class=\"wpb_wrapper\"><div      class=\"vc_row wpb_row section vc_row-fluid vc_inner\" style=' text-align:left;'><div class=\"full_section_inner clearfix\"><div class=\"wpb_column vc_column_container vc_col-sm-12\"><div class=\"vc_column-inner\"><div class=\"wpb_wrapper\">\n\t<div class=\"wpb_text_column wpb_content_element\">\n\t\t<div class=\"wpb_wrapper\">\n\t\t\t<p>In accordance with the provisions of REGULATION (EU) 2016\/679 on the protection of personal data and Organic Law 3\/2018, of December 5, on Data Protection and guarantee of digital rights, we inform you that through this website no personal data of users is collected without their knowledge, nor is it transferred to third parties.<\/p>\n<p>The website of which it is the owner\u00a0<strong>2ym Asesores <\/strong>contains links to third party websites, whose privacy policies are not related to those of\u00a0<strong>2ym Asesores.<\/strong><\/p>\n<p style=\"text-align: left;\">By accessing such websites you can decide whether to accept their privacy and cookie policies. Generally, if you browse the Internet you can accept or reject third-party cookies from your browser's configuration options.<\/p>\n\n\t\t<\/div> \n\t<\/div> <\/div><\/div><\/div><\/div><\/div><div      class=\"vc_row wpb_row section vc_row-fluid vc_inner  vc_custom_1700403434579\" style=' text-align:left;'><div class=\"full_section_inner clearfix\"><div class=\"wpb_column vc_column_container vc_col-sm-6\"><div class=\"vc_column-inner\"><div class=\"wpb_wrapper\">\n\t<div class=\"wpb_text_column wpb_content_element  vc_custom_1700411839574\">\n\t\t<div class=\"wpb_wrapper\">\n\t\t\t<h2><strong>Identification of the person responsible for the treatment<\/strong><\/h2>\n<p><strong>Responsible:\u00a0<\/strong>2ym Asesores<br \/>\n<strong>Contact person:\u00a0<\/strong>Yolanda Morillas Order<br \/>\n<strong>NIF:\u00a0<\/strong>52527944S<br \/>\n<strong>Data protection delegate email:\u00a0<\/strong>info@2ymasesores.com<\/p>\n\n\t\t<\/div> \n\t<\/div> \n\t<div class=\"wpb_text_column wpb_content_element  vc_custom_1700403281186\">\n\t\t<div class=\"wpb_wrapper\">\n\t\t\t<h3><strong>Origin and categories of the data we process<\/strong><\/h3>\n<p><u>Origin:<\/u>\u00a0The data we process comes directly from the interested party and we obtain it through email, telephone and web forms.<br \/>\n<u>The categories of data we process are:<br \/>\nContact.<\/u>\u00a0Identification data: Name, surname, telephone number, email, postal address, data.<br \/>\n<u>Image<\/u>s: photographs published on our website, with consent.<br \/>\nWork with us: CV data<\/p>\n\n\t\t<\/div> \n\t<\/div> \n\t<div class=\"wpb_text_column wpb_content_element  vc_custom_1708098339729\">\n\t\t<div class=\"wpb_wrapper\">\n\t\t\t<h3><strong>Purpose and legitimacy of the processing of your personal data<\/strong><\/h3>\n<h4>CONTACT FORM<\/h4>\n<p>Contact users by email or telephone to respond to their queries, questions, suggestions and other requests they may make, and respond to their request for information and\/or a quote about our services.<\/p>\n<p><span style=\"color: #6f9fb2;\"><em>Art. 6.1b) GDPR. Data processing is necessary for implementing pre-contractual measures at the request of the data subject.<\/em><\/span><\/p>\n<h4>WORK WITH US FORM<\/h4>\n<h5>Reception and management of Curriculum Vitae<\/h5>\n<p>carry out open staff selection processes and archive the CVs received in order to arrange, in the future, job interviews to fill vacancies that fit the profile of the candidates.<\/p>\n<p><em><span style=\"color: #6f9fb2;\">Art. 6.1b) GDPR. Data processing is necessary for implementing pre-contractual measures at the request of the data subject.<\/span><\/em><\/p>\n<p><em><span style=\"color: #6f9fb2;\">Art. 6.1 a) GDPR The data subject has given consent for this specific purpose: consent given for the storage of CVs for future staff selection processes.<\/span><\/em><\/p>\n<h4>PHOTOS AND VIDEOS ON THE WEB<\/h4>\n<p>The processing of images to publish them on our website and on our social media profiles for advertising purposes.<\/p>\n<p><em><span style=\"color: #6f9fb2;\">Art. 6.1 a) GDPR The data subject has given consent for this specific purpose.<\/span><\/em><\/p>\n<h4>ADVERTISING AND COMMUNICATIONS<\/h4>\n<p>Sending advertising information and communications related to our activities via email, telephone and postal mail.<\/p>\n<p><em><span style=\"color: #6f9fb2;\">Art. 6.1 a) GDPR The data subject has given consent for this specific purpose.<\/span><\/em><\/p>\n\n\t\t<\/div> \n\t<\/div> \n\t<div class=\"wpb_text_column wpb_content_element  vc_custom_1700403375271\">\n\t\t<div class=\"wpb_wrapper\">\n\t\t\t<h3><strong>Conservation of your personal data<\/strong><\/h3>\n<p>Your data will be kept for the legally established periods depending on the purposes for which they were obtained, as detailed below:<\/p>\n<p><u>Adoption of pre-contractual measures:<\/u>\u00a0When the processing of your data is based on the application of pre-contractual measures to meet your request for information and\/or quote, your data will be kept for a maximum period of one year from the date they were obtained. After this period, your data will be completely deleted from our information systems.<\/p>\n<p><u>Your consent given:<\/u>\u00a0When we ask for your consent to process your personal data, we will retain your data for the time strictly necessary to fulfill the purposes for which we obtained your consent, until they are no longer necessary for said purposes or, failing that, until you decide to withdraw your consent.<\/p>\n\n\t\t<\/div> \n\t<\/div> <\/div><\/div><\/div><div class=\"wpb_column vc_column_container vc_col-sm-6\"><div class=\"vc_column-inner\"><div class=\"wpb_wrapper\">\n\t<div class=\"wpb_text_column wpb_content_element  vc_custom_1700403392285\">\n\t\t<div class=\"wpb_wrapper\">\n\t\t\t<h3><strong>Communication of your data to third parties<\/strong><\/h3>\n<p>We do not share your personal data with third parties, except under legal obligation applicable to our entity. However, we inform you that your data may be processed by external professionals who provide us with auxiliary services necessary for the performance of our professional activity, such as, for example: employment consultancy, a supplier who provides us with data hosting on external servers (web hosting), IT technical assistance, etc.<\/p>\n\n\t\t<\/div> \n\t<\/div> \n\t<div class=\"wpb_text_column wpb_content_element  vc_custom_1700403427189\">\n\t\t<div class=\"wpb_wrapper\">\n\t\t\t<h3><strong>International data transfers<\/strong><\/h3>\n<p>We do not transfer your personal data to countries outside the European Economic Area (EU, Iceland, Liechtenstein and Norway), nor to international organisations.<\/p>\n\n\t\t<\/div> \n\t<\/div> \n\t<div class=\"wpb_text_column wpb_content_element  vc_custom_1700403457795\">\n\t\t<div class=\"wpb_wrapper\">\n\t\t\t<h2><strong>Your rights in data protection<\/strong><\/h2>\n<ul>\n<li>Right to request access to your personal data.<\/li>\n<li>Right to request rectification or deletion.<\/li>\n<li>Right to request limitation of processing.<\/li>\n<li>Right to object to processing.<\/li>\n<li>Right to data portability.<\/li>\n<li>Derecho a retirar el consentimiento prestado.<\/li>\n<\/ul>\n\n\t\t<\/div> \n\t<\/div> \n\t<div class=\"wpb_text_column wpb_content_element  vc_custom_1700411853424\">\n\t\t<div class=\"wpb_wrapper\">\n\t\t\t<p>Any person has the right to obtain confirmation as to whether\u00a0<strong>2ym Asesores <\/strong>we are processing personal data that may or may not concern you. You have the right to access your personal data, as well as to request the rectification of inaccurate data or, where appropriate, request its deletion when, among other reasons, the data is no longer necessary for the purposes for which it was collected.<\/p>\n<p>In certain circumstances, you may request that we restrict the processing of your data, in which case we will only retain it for the exercise or defence of claims. Likewise, in the legally established cases, you will have the right to the portability of your personal data.<\/p>\n\n\t\t<\/div> \n\t<\/div> \n\t<div class=\"wpb_text_column wpb_content_element  vc_custom_1700411860189\">\n\t\t<div class=\"wpb_wrapper\">\n\t\t\t<p>Any person has the right to obtain confirmation as to whether\u00a0<strong>2ym Asesores <\/strong>we are processing personal data that may or may not concern you. You have the right to access your personal data, as well as to request the rectification of inaccurate data or, where appropriate, request its deletion when, among other reasons, the data is no longer necessary for the purposes for which it was collected.<\/p>\n<p>In certain circumstances, you may request that we restrict the processing of your data, in which case we will only retain it for the exercise or defence of claims. Likewise, in the legally established cases, you will have the right to the portability of your personal data.<\/p>\n\n\t\t<\/div> \n\t<\/div> \n\t<div class=\"wpb_text_column wpb_content_element  vc_custom_1700411869479\">\n\t\t<div class=\"wpb_wrapper\">\n\t\t\t<p>In certain circumstances and for reasons related to your particular situation, you may object to the processing of your data. In this case,\u00a0<strong>2ym Asesores <\/strong>will stop processing your data unless there are compelling legitimate reasons or for the formulation, exercise and defence of possible claims.<\/p>\n<p>You have the right to withdraw the consent given at any time, without affecting the lawfulness of the processing based on consent prior to its withdrawal.<\/p>\n\n\t\t<\/div> \n\t<\/div> \n\t<div class=\"wpb_text_column wpb_content_element  vc_custom_1700411875352\">\n\t\t<div class=\"wpb_wrapper\">\n\t\t\t<p>In certain circumstances and for reasons related to your particular situation, you may object to the processing of your data. In this case,\u00a0<strong>2ym Asesores <\/strong>will stop processing your data unless there are compelling legitimate reasons or for the formulation, exercise and defence of possible claims.<\/p>\n<p>You have the right to withdraw the consent given at any time, without affecting the lawfulness of the processing based on consent prior to its withdrawal.<\/p>\n\n\t\t<\/div> \n\t<\/div> \n\t<div class=\"wpb_text_column wpb_content_element  vc_custom_1700403515314\">\n\t\t<div class=\"wpb_wrapper\">\n\t\t\t<p>You can object to the processing of your data for commercial and advertising purposes by sending an email to\u00a0<a href=\"mailto:info@opoacademy.com\">info@2ymasesores.com<\/a><\/p>\n<p>You can exercise your rights by sending a letter by post or email to our DPD. <a href=\"mailto:info@opoacademy.com\">info@2ymasesores.com<\/a><\/p>\n<p>If you feel that your rights regarding the protection of your personal data have been violated, especially when you have not obtained satisfaction in the exercise of your rights, you can file a complaint with the Spanish Data Protection Agency through its website:\u00a0<a href=\"http:\/\/www.agpd.es\/\">http:\/\/www.agpd.es\/<\/a><\/p>\n\n\t\t<\/div> \n\t<\/div> <\/div><\/div><\/div><\/div><\/div><\/div><\/div><\/div><\/div><\/div>\n<\/div>\t\t<\/div>\n\n\t\t\n\t\t<a href=\"javascript:void(0);\" class=\"um-toggle-gdpr\" data-toggle-state=\"hidden\"\n\t\t   data-toggle-show=\"Mostrar la pol\u00edtica de privacidad\"\n\t\t   data-toggle-hide=\"Ocultar la pol\u00edtica de privacidad\">\n\t\t\tMostrar la pol\u00edtica de privacidad\t\t<\/a>\n\t<\/div>\n\t<div class=\"um-field-area\">\n\n\t\t\n\t\t<label class=\"um-field-checkbox\">\n\t\t\t<input type=\"checkbox\" name=\"use_gdpr_agreement\" value=\"1\">\n\t\t\t<span class=\"um-field-checkbox-state\"><i class=\"um-icon-android-checkbox-outline-blank\"><\/i><\/span>\n\t\t\t<span class=\"um-field-checkbox-option\">Por favor, confirma que est\u00e1s de acuerdo con nuestra pol\u00edtica de privacidad<\/span>\n\t\t<\/label>\n\t\t<div class=\"um-clear\"><\/div>\n\n\t\t\n\t\t<div class=\"um-clear\"><\/div>\n\t<\/div>\n<\/div>\n\t\t<input type=\"hidden\" name=\"form_id\" id=\"form_id_1665\" value=\"1665\" \/>\n\t\n\t<p class=\"um_request_name\">\n\t\t<label for=\"um_request_1665\">Only fill in if you are not human<\/label>\n\t\t<input type=\"hidden\" name=\"um_request\" id=\"um_request_1665\" class=\"input\" value=\"\" size=\"25\" autocomplete=\"off\" \/>\n\t<\/p>\n\n\t<input type=\"hidden\" id=\"_wpnonce\" name=\"_wpnonce\" value=\"259b6733c7\" \/><input type=\"hidden\" name=\"_wp_http_referer\" value=\"\/en\/wp-json\/wp\/v2\/pages\/1674\" \/>\n\t<div class=\"um-col-alt\">\n\n\t\t\n\t\t\t<div class=\"um-left um-half\">\n\t\t\t\t<input type=\"submit\" value=\"Registro\" class=\"um-button\" id=\"um-submit-btn\" \/>\n\t\t\t<\/div>\n\t\t\t<div class=\"um-right um-half\">\n\t\t\t\t<a href=\"https:\/\/2ymasesores.com\/en\/login\/\" class=\"um-button um-alt\">\n\t\t\t\t\tAcceder\t\t\t\t<\/a>\n\t\t\t<\/div>\n\n\t\t\n\t\t<div class=\"um-clear\"><\/div>\n\n\t<\/div>\n\n\t\t\t<input type=\"hidden\" name=\"trp-form-language\" value=\"en\"\/><\/form>\n\t<\/div>\n<\/div>\n<style>\n\t\t\t.um-1665.um {\n\t\t\tmax-width: 450px;\n\t\t}\n\t\t<\/style>\n\n<\/div>","protected":false},"excerpt":{"rendered":"Nombre de usuario* Nombre Apellidos Direcci\u00f3n de correo electr\u00f3nico Contrase\u00f1a* Confirm Contrase\u00f1a* De conformidad con lo establecido en el REGLAMENTO (UE) 2016\/679 de protecci\u00f3n de datos de car\u00e1cter personal y la Ley Org\u00e1nica 3\/2018, de 5 de diciembre, de Protecci\u00f3n de Datos y garant\u00eda de...","protected":false},"author":1,"featured_media":0,"parent":0,"menu_order":0,"comment_status":"closed","ping_status":"closed","template":"","meta":{"footnotes":""},"class_list":["post-1674","page","type-page","status-publish","hentry"],"aioseo_notices":[],"_links":{"self":[{"href":"https:\/\/2ymasesores.com\/en\/wp-json\/wp\/v2\/pages\/1674"}],"collection":[{"href":"https:\/\/2ymasesores.com\/en\/wp-json\/wp\/v2\/pages"}],"about":[{"href":"https:\/\/2ymasesores.com\/en\/wp-json\/wp\/v2\/types\/page"}],"author":[{"embeddable":true,"href":"https:\/\/2ymasesores.com\/en\/wp-json\/wp\/v2\/users\/1"}],"replies":[{"embeddable":true,"href":"https:\/\/2ymasesores.com\/en\/wp-json\/wp\/v2\/comments?post=1674"}],"version-history":[{"count":1,"href":"https:\/\/2ymasesores.com\/en\/wp-json\/wp\/v2\/pages\/1674\/revisions"}],"predecessor-version":[{"id":1948,"href":"https:\/\/2ymasesores.com\/en\/wp-json\/wp\/v2\/pages\/1674\/revisions\/1948"}],"wp:attachment":[{"href":"https:\/\/2ymasesores.com\/en\/wp-json\/wp\/v2\/media?parent=1674"}],"curies":[{"name":"wp","href":"https:\/\/api.w.org\/{rel}","templated":true}]}}