{"id":236,"date":"2019-10-16T13:02:35","date_gmt":"2019-10-16T13:02:35","guid":{"rendered":"https:\/\/bridge263.qodeinteractive.com\/?page_id=236"},"modified":"2024-06-06T13:27:08","modified_gmt":"2024-06-06T13:27:08","slug":"contabilidad","status":"publish","type":"page","link":"http:\/\/2ymasesores.com\/en\/contabilidad\/","title":{"rendered":"Services &gt; Accounting"},"content":{"rendered":"<div data-elementor-type=\"wp-page\" data-elementor-id=\"236\" class=\"elementor elementor-236\">\n\t\t\t\t\t\t<section class=\"elementor-section elementor-top-section elementor-element elementor-element-41e95a1d qode_elementor_container_inner elementor-section-boxed elementor-section-height-default elementor-section-height-default parallax_section_no\" data-id=\"41e95a1d\" data-element_type=\"section\">\n\t\t\t\t\t\t<div class=\"elementor-container elementor-column-gap-default\">\n\t\t\t\t\t<div class=\"elementor-column elementor-col-100 elementor-top-column elementor-element elementor-element-800ee20\" data-id=\"800ee20\" data-element_type=\"column\">\n\t\t\t<div class=\"elementor-widget-wrap elementor-element-populated\">\n\t\t\t\t\t\t<div class=\"elementor-element elementor-element-ecbb827 elementor-widget elementor-widget-heading\" data-id=\"ecbb827\" data-element_type=\"widget\" data-widget_type=\"heading.default\">\n\t\t\t\t<div class=\"elementor-widget-container\">\n\t\t\t<h6 class=\"elementor-heading-title elementor-size-default\">SERVICES<\/h6>\t\t<\/div>\n\t\t\t\t<\/div>\n\t\t\t\t<div class=\"elementor-element elementor-element-97b089f elementor-widget elementor-widget-heading\" data-id=\"97b089f\" data-element_type=\"widget\" data-widget_type=\"heading.default\">\n\t\t\t\t<div class=\"elementor-widget-container\">\n\t\t\t<h1 class=\"elementor-heading-title elementor-size-default\">Accountancy<\/h1>\t\t<\/div>\n\t\t\t\t<\/div>\n\t\t\t\t<div class=\"elementor-element elementor-element-285ecaa elementor-widget elementor-widget-heading\" data-id=\"285ecaa\" data-element_type=\"widget\" data-widget_type=\"heading.default\">\n\t\t\t\t<div class=\"elementor-widget-container\">\n\t\t\t<h5 class=\"elementor-heading-title elementor-size-default\">Every company must have accounting that is as truthful and orderly as possible, and only then can the correct information on the business situation be known at all times, something strictly necessary for making decisions that help boost your business. <\/h5>\t\t<\/div>\n\t\t\t\t<\/div>\n\t\t\t\t\t<\/div>\n\t\t<\/div>\n\t\t\t\t\t<\/div>\n\t\t<\/section>\n\t\t\t\t<section class=\"elementor-section elementor-top-section elementor-element elementor-element-27b3fa99 qode_elementor_container_inner elementor-section-full_width elementor-section-content-middle elementor-section-height-default elementor-section-height-default parallax_section_no\" data-id=\"27b3fa99\" data-element_type=\"section\">\n\t\t\t\t\t\t<div class=\"elementor-container elementor-column-gap-default\">\n\t\t\t\t\t<div class=\"elementor-column elementor-col-50 elementor-top-column elementor-element elementor-element-93e358a\" data-id=\"93e358a\" data-element_type=\"column\">\n\t\t\t<div class=\"elementor-widget-wrap elementor-element-populated\">\n\t\t\t\t\t\t<div class=\"elementor-element elementor-element-3682d183 elementor-widget elementor-widget-text-editor\" data-id=\"3682d183\" data-element_type=\"widget\" data-widget_type=\"text-editor.default\">\n\t\t\t\t<div class=\"elementor-widget-container\">\n\t\t\t\t\t\t\t<p>In <a href=\"https:\/\/2ymasesores.com\/en\/\"><strong>2ym Asesores <\/strong><\/a>We guarantee that this important tool for your company is carried out in the most appropriate way and adapted to your needs, becoming an effective help to achieve the set objectives.<\/p><p>Within this section, our mission as professionals is:<\/p>\t\t\t\t\t\t<\/div>\n\t\t\t\t<\/div>\n\t\t\t\t<div class=\"elementor-element elementor-element-9edc5d3 elementor-widget elementor-widget-bridge_icon_list_item\" data-id=\"9edc5d3\" data-element_type=\"widget\" data-widget_type=\"bridge_icon_list_item.default\">\n\t\t\t\t<div class=\"elementor-widget-container\">\n\t\t\t<div class=\"q_icon_list\"><i class=\"qode_icon_font_awesome fa fa-check qode-ili-icon-holder transparent\" style=\"font-size: 16px;color: #D9642B;\" ><\/i><p style=\"color:#333333;font-size: 14px;font-weight: 500;\">Previous study of the company's current accounting, and implementation, if appropriate, of the most appropriate chart of accounts.<\/p><\/div>\t\t<\/div>\n\t\t\t\t<\/div>\n\t\t\t\t<div class=\"elementor-element elementor-element-084f55d elementor-widget elementor-widget-bridge_icon_list_item\" data-id=\"084f55d\" data-element_type=\"widget\" data-widget_type=\"bridge_icon_list_item.default\">\n\t\t\t\t<div class=\"elementor-widget-container\">\n\t\t\t<div class=\"q_icon_list\"><i class=\"qode_icon_font_awesome fa fa-check qode-ili-icon-holder transparent\" style=\"font-size: 16px;color: #D9642B;\" ><\/i><p style=\"color:#333333;font-size: 14px;font-weight: 500;\">Computer Resources: Accounting will be carried out using updated software adapted to the needs of the company.  <\/p><\/div>\t\t<\/div>\n\t\t\t\t<\/div>\n\t\t\t\t<div class=\"elementor-element elementor-element-7fec879 elementor-widget elementor-widget-bridge_icon_list_item\" data-id=\"7fec879\" data-element_type=\"widget\" data-widget_type=\"bridge_icon_list_item.default\">\n\t\t\t\t<div class=\"elementor-widget-container\">\n\t\t\t<div class=\"q_icon_list\"><i class=\"qode_icon_font_awesome fa fa-check qode-ili-icon-holder transparent\" style=\"font-size: 16px;color: #D9642B;\" ><\/i><p style=\"color:#333333;font-size: 14px;font-weight: 500;\">Preparation of accounting: Preparation of accounting entries, prior receipt, organization and review of the documents provided by the company: expense invoices, sales invoices, payrolls, bank transactions, loans...<\/p><\/div>\t\t<\/div>\n\t\t\t\t<\/div>\n\t\t\t\t<div class=\"elementor-element elementor-element-3223221 elementor-widget elementor-widget-bridge_icon_list_item\" data-id=\"3223221\" data-element_type=\"widget\" data-widget_type=\"bridge_icon_list_item.default\">\n\t\t\t\t<div class=\"elementor-widget-container\">\n\t\t\t<div class=\"q_icon_list\"><i class=\"qode_icon_font_awesome fa fa-check qode-ili-icon-holder transparent\" style=\"font-size: 16px;color: #D9642B;\" ><\/i><p style=\"color:#333333;font-size: 14px;font-weight: 500;\">Accounting advice: Presentation of periodic reports and balance sheets, including permanent advice on the resulting situation, both at the end of the year and at any time during the year.  <\/p><\/div>\t\t<\/div>\n\t\t\t\t<\/div>\n\t\t\t\t<div class=\"elementor-element elementor-element-3cf2da3 elementor-widget elementor-widget-bridge_icon_list_item\" data-id=\"3cf2da3\" data-element_type=\"widget\" data-widget_type=\"bridge_icon_list_item.default\">\n\t\t\t\t<div class=\"elementor-widget-container\">\n\t\t\t<div class=\"q_icon_list\"><i class=\"qode_icon_font_awesome fa fa-check qode-ili-icon-holder transparent\" style=\"font-size: 16px;color: #D9642B;\" ><\/i><p style=\"color:#333333;font-size: 14px;font-weight: 500;\">Closing of the year: Amortizations, regularizations, provisions, Corporate Tax entry...<\/p><\/div>\t\t<\/div>\n\t\t\t\t<\/div>\n\t\t\t\t<div class=\"elementor-element elementor-element-eff0ea4 elementor-widget elementor-widget-bridge_icon_list_item\" data-id=\"eff0ea4\" data-element_type=\"widget\" data-widget_type=\"bridge_icon_list_item.default\">\n\t\t\t\t<div class=\"elementor-widget-container\">\n\t\t\t<div class=\"q_icon_list\"><i class=\"qode_icon_font_awesome fa fa-check qode-ili-icon-holder transparent\" style=\"font-size: 16px;color: #D9642B;\" ><\/i><p style=\"color:#333333;font-size: 14px;font-weight: 500;\">Preparation and presentation of Books: We prepare and present the official accounting books electronically.<\/p><\/div>\t\t<\/div>\n\t\t\t\t<\/div>\n\t\t\t\t<div class=\"elementor-element elementor-element-fadf1ed elementor-widget elementor-widget-bridge_icon_list_item\" data-id=\"fadf1ed\" data-element_type=\"widget\" data-widget_type=\"bridge_icon_list_item.default\">\n\t\t\t\t<div class=\"elementor-widget-container\">\n\t\t\t<div class=\"q_icon_list\"><i class=\"qode_icon_font_awesome fa fa-check qode-ili-icon-holder transparent\" style=\"font-size: 16px;color: #D9642B;\" ><\/i><p style=\"color:#333333;font-size: 14px;font-weight: 500;\">Annual Accounts: legalization and deposit of annual Accounts in the Commercial Registry, electronically and within the legally established period. <\/p><\/div>\t\t<\/div>\n\t\t\t\t<\/div>\n\t\t\t\t\t<\/div>\n\t\t<\/div>\n\t\t\t\t<div class=\"elementor-column elementor-col-50 elementor-top-column elementor-element elementor-element-75c6c6cc\" data-id=\"75c6c6cc\" data-element_type=\"column\">\n\t\t\t<div class=\"elementor-widget-wrap elementor-element-populated\">\n\t\t\t\t\t\t<div class=\"elementor-element elementor-element-e4900a5 elementor-widget elementor-widget-image\" data-id=\"e4900a5\" data-element_type=\"widget\" data-widget_type=\"image.default\">\n\t\t\t\t<div class=\"elementor-widget-container\">\n\t\t\t\t\t\t\t\t\t\t\t\t\t<img fetchpriority=\"high\" decoding=\"async\" width=\"1920\" height=\"1267\" src=\"https:\/\/2ymasesores.com\/wp-content\/uploads\/2023\/09\/2ym-asesores-img-gestoria-contable-1.jpg\" class=\"attachment-full size-full wp-image-873\" alt=\"2ym Asesores - Torremolinos, M\u00e1laga\" srcset=\"https:\/\/2ymasesores.com\/wp-content\/uploads\/2023\/09\/2ym-asesores-img-gestoria-contable-1.jpg 1920w, https:\/\/2ymasesores.com\/wp-content\/uploads\/2023\/09\/2ym-asesores-img-gestoria-contable-1-600x396.jpg 600w, https:\/\/2ymasesores.com\/wp-content\/uploads\/2023\/09\/2ym-asesores-img-gestoria-contable-1-300x198.jpg 300w, https:\/\/2ymasesores.com\/wp-content\/uploads\/2023\/09\/2ym-asesores-img-gestoria-contable-1-1024x676.jpg 1024w, https:\/\/2ymasesores.com\/wp-content\/uploads\/2023\/09\/2ym-asesores-img-gestoria-contable-1-768x507.jpg 768w, https:\/\/2ymasesores.com\/wp-content\/uploads\/2023\/09\/2ym-asesores-img-gestoria-contable-1-1536x1014.jpg 1536w, https:\/\/2ymasesores.com\/wp-content\/uploads\/2023\/09\/2ym-asesores-img-gestoria-contable-1-700x462.jpg 700w\" sizes=\"(max-width: 1920px) 100vw, 1920px\" \/>\t\t\t\t\t\t\t\t\t\t\t\t\t<\/div>\n\t\t\t\t<\/div>\n\t\t\t\t<div class=\"elementor-element elementor-element-284a251a elementor-widget elementor-widget-heading\" data-id=\"284a251a\" data-element_type=\"widget\" data-widget_type=\"heading.default\">\n\t\t\t\t<div class=\"elementor-widget-container\">\n\t\t\t<h5 class=\"elementor-heading-title elementor-size-default\"><span style=\"color:#d9642b\"> Do you need more time to grow your company?<\/span><\/h5>\t\t<\/div>\n\t\t\t\t<\/div>\n\t\t\t\t<div class=\"elementor-element elementor-element-e8b537f elementor-widget elementor-widget-text-editor\" data-id=\"e8b537f\" data-element_type=\"widget\" data-widget_type=\"text-editor.default\">\n\t\t\t\t<div class=\"elementor-widget-container\">\n\t\t\t\t\t\t\t<p>Leave accounting in good hands:<\/p>\t\t\t\t\t\t<\/div>\n\t\t\t\t<\/div>\n\t\t\t\t<div class=\"elementor-element elementor-element-d30a561 elementor-widget elementor-widget-button\" data-id=\"d30a561\" data-element_type=\"widget\" data-widget_type=\"button.default\">\n\t\t\t\t<div class=\"elementor-widget-container\">\n\t\t\t\t\t<div class=\"elementor-button-wrapper\">\n\t\t\t<a class=\"elementor-button elementor-button-link elementor-size-sm\" href=\"https:\/\/2ymasesores.com\/en\/contacto\/\">\n\t\t\t\t\t\t<span class=\"elementor-button-content-wrapper\">\n\t\t\t\t\t\t\t\t\t<span class=\"elementor-button-text\">Contact us<\/span>\n\t\t\t\t\t<\/span>\n\t\t\t\t\t<\/a>\n\t\t<\/div>\n\t\t\t\t<\/div>\n\t\t\t\t<\/div>\n\t\t\t\t\t<\/div>\n\t\t<\/div>\n\t\t\t\t\t<\/div>\n\t\t<\/section>\n\t\t\t\t<section class=\"elementor-section elementor-top-section elementor-element elementor-element-62e2d3b qode_elementor_container_inner elementor-section-full_width elementor-section-content-middle elementor-section-height-default elementor-section-height-default parallax_section_no\" data-id=\"62e2d3b\" data-element_type=\"section\">\n\t\t\t\t\t\t<div class=\"elementor-container elementor-column-gap-default\">\n\t\t\t\t\t<div class=\"elementor-column elementor-col-100 elementor-top-column elementor-element elementor-element-3696b2b\" data-id=\"3696b2b\" data-element_type=\"column\">\n\t\t\t<div class=\"elementor-widget-wrap elementor-element-populated\">\n\t\t\t\t\t\t<div class=\"elementor-element elementor-element-97a3d31 elementor-widget elementor-widget-heading\" data-id=\"97a3d31\" data-element_type=\"widget\" data-widget_type=\"heading.default\">\n\t\t\t\t<div class=\"elementor-widget-container\">\n\t\t\t<h5 class=\"elementor-heading-title elementor-size-default\"><span style=\"color:#0b5979\"> By contracting the accounting management of your company with us, the correct accounting and reliability of the information contained therein will be ensured, while reducing the personnel and software costs necessary to carry it out.<\/span><\/h5>\t\t<\/div>\n\t\t\t\t<\/div>\n\t\t\t\t\t<\/div>\n\t\t<\/div>\n\t\t\t\t\t<\/div>\n\t\t<\/section>\n\t\t\t\t<section class=\"elementor-section elementor-top-section elementor-element elementor-element-400a08f6 elementor-section-boxed elementor-section-height-default elementor-section-height-default parallax_section_no qode_elementor_container_no\" data-id=\"400a08f6\" data-element_type=\"section\" data-settings=\"{&quot;background_background&quot;:&quot;classic&quot;}\">\n\t\t\t\t\t\t<div class=\"elementor-container elementor-column-gap-default\">\n\t\t\t\t\t<div class=\"elementor-column elementor-col-100 elementor-top-column elementor-element elementor-element-4341a544\" data-id=\"4341a544\" data-element_type=\"column\">\n\t\t\t<div class=\"elementor-widget-wrap elementor-element-populated\">\n\t\t\t\t\t\t<section class=\"elementor-section elementor-inner-section elementor-element elementor-element-4de9e04e elementor-section-boxed elementor-section-height-default elementor-section-height-default parallax_section_no qode_elementor_container_no\" data-id=\"4de9e04e\" data-element_type=\"section\">\n\t\t\t\t\t\t<div class=\"elementor-container elementor-column-gap-default\">\n\t\t\t\t\t<div class=\"elementor-column elementor-col-100 elementor-inner-column elementor-element elementor-element-4f1b11fc\" data-id=\"4f1b11fc\" data-element_type=\"column\">\n\t\t\t<div class=\"elementor-widget-wrap elementor-element-populated\">\n\t\t\t\t\t\t<div class=\"elementor-element elementor-element-571a2c02 elementor-widget elementor-widget-heading\" data-id=\"571a2c02\" data-element_type=\"widget\" data-widget_type=\"heading.default\">\n\t\t\t\t<div class=\"elementor-widget-container\">\n\t\t\t<h6 class=\"elementor-heading-title elementor-size-default\">2YM ASESORES<\/h6>\t\t<\/div>\n\t\t\t\t<\/div>\n\t\t\t\t<div class=\"elementor-element elementor-element-40ca4e77 elementor-widget elementor-widget-heading\" data-id=\"40ca4e77\" data-element_type=\"widget\" data-widget_type=\"heading.default\">\n\t\t\t\t<div class=\"elementor-widget-container\">\n\t\t\t<h1 class=\"elementor-heading-title elementor-size-default\">Our Services<\/h1>\t\t<\/div>\n\t\t\t\t<\/div>\n\t\t\t\t<div class=\"elementor-element elementor-element-6be98ad6 elementor-widget elementor-widget-heading\" data-id=\"6be98ad6\" data-element_type=\"widget\" data-widget_type=\"heading.default\">\n\t\t\t\t<div class=\"elementor-widget-container\">\n\t\t\t<h5 class=\"elementor-heading-title elementor-size-default\">All advisory services for companies, freelancers and individuals.<\/h5>\t\t<\/div>\n\t\t\t\t<\/div>\n\t\t\t\t\t<\/div>\n\t\t<\/div>\n\t\t\t\t\t<\/div>\n\t\t<\/section>\n\t\t\t\t<section class=\"elementor-section elementor-inner-section elementor-element elementor-element-27e5e154 elementor-section-boxed elementor-section-height-default elementor-section-height-default parallax_section_no qode_elementor_container_no\" data-id=\"27e5e154\" data-element_type=\"section\">\n\t\t\t\t\t\t<div class=\"elementor-container elementor-column-gap-default\">\n\t\t\t\t\t<div class=\"elementor-column elementor-col-25 elementor-inner-column elementor-element elementor-element-2deb8dde\" data-id=\"2deb8dde\" data-element_type=\"column\">\n\t\t\t<div class=\"elementor-widget-wrap elementor-element-populated\">\n\t\t\t\t\t\t<div class=\"elementor-element elementor-element-56500613 elementor-widget__width-initial elementor-widget elementor-widget-bridge_image_hover\" data-id=\"56500613\" data-element_type=\"widget\" data-widget_type=\"bridge_image_hover.default\">\n\t\t\t\t<div class=\"elementor-widget-container\">\n\t\t\t<div class='image_hover' style='' data-transition-delay=''><div class='images_holder'><a itemprop='url' href='https:\/\/2ymasesores.com\/en\/contabilidad\/' target='_self'><img itemprop='image' class='active_image' src='https:\/\/2ymasesores.com\/wp-content\/uploads\/2023\/09\/2ym-icono-asesoria-contabilidad-azul.png' alt='Gestor\u00eda contabilidad empresas' style='' \/><img itemprop='image' class='hover_image' src='https:\/\/2ymasesores.com\/wp-content\/uploads\/2023\/09\/2ym-icono-asesoria-contabilidad-naranja.png' alt='Contabilidad Gestor\u00eda M\u00e1laga' style='' \/><\/a><\/div><\/div>\t\t<\/div>\n\t\t\t\t<\/div>\n\t\t\t\t<div class=\"elementor-element elementor-element-6819d713 elementor-widget elementor-widget-text-editor\" data-id=\"6819d713\" data-element_type=\"widget\" data-widget_type=\"text-editor.default\">\n\t\t\t\t<div class=\"elementor-widget-container\">\n\t\t\t\t\t\t\t<h4 style=\"text-align: center;\"><a href=\"https:\/\/2ymasesores.com\/en\/contabilidad\/\">Accountancy<\/a><\/h4>\t\t\t\t\t\t<\/div>\n\t\t\t\t<\/div>\n\t\t\t\t\t<\/div>\n\t\t<\/div>\n\t\t\t\t<div class=\"elementor-column elementor-col-25 elementor-inner-column elementor-element elementor-element-4c8334d6\" data-id=\"4c8334d6\" data-element_type=\"column\">\n\t\t\t<div class=\"elementor-widget-wrap elementor-element-populated\">\n\t\t\t\t\t\t<div class=\"elementor-element elementor-element-1a69789e elementor-widget__width-initial elementor-widget elementor-widget-bridge_image_hover\" data-id=\"1a69789e\" data-element_type=\"widget\" data-widget_type=\"bridge_image_hover.default\">\n\t\t\t\t<div class=\"elementor-widget-container\">\n\t\t\t<div class='image_hover' style='' data-transition-delay=''><div class='images_holder'><a itemprop='url' href='https:\/\/2ymasesores.com\/en\/fiscal\/' target='_self'><img itemprop='image' class='active_image' src='https:\/\/2ymasesores.com\/wp-content\/uploads\/2023\/09\/2ym-icono-asesoria-fiscal-azul.png' alt='Asesor\u00eda Fiscal Torremolinos' style='' \/><img itemprop='image' class='hover_image' src='https:\/\/2ymasesores.com\/wp-content\/uploads\/2023\/09\/2ym-icono-asesoria-fiscal-naranja.png' alt='Asesor\u00eda Fiscal M\u00e1laga' style='' \/><\/a><\/div><\/div>\t\t<\/div>\n\t\t\t\t<\/div>\n\t\t\t\t<div class=\"elementor-element elementor-element-300c4db7 elementor-widget elementor-widget-text-editor\" data-id=\"300c4db7\" data-element_type=\"widget\" data-widget_type=\"text-editor.default\">\n\t\t\t\t<div class=\"elementor-widget-container\">\n\t\t\t\t\t\t\t<h4 style=\"text-align: center;\"><a href=\"https:\/\/2ymasesores.com\/en\/fiscal\/\">Fiscal<\/a><\/h4>\t\t\t\t\t\t<\/div>\n\t\t\t\t<\/div>\n\t\t\t\t\t<\/div>\n\t\t<\/div>\n\t\t\t\t<div class=\"elementor-column elementor-col-25 elementor-inner-column elementor-element elementor-element-660df652\" data-id=\"660df652\" data-element_type=\"column\">\n\t\t\t<div class=\"elementor-widget-wrap elementor-element-populated\">\n\t\t\t\t\t\t<div class=\"elementor-element elementor-element-43f73acf elementor-widget__width-initial elementor-widget elementor-widget-bridge_image_hover\" data-id=\"43f73acf\" data-element_type=\"widget\" data-widget_type=\"bridge_image_hover.default\">\n\t\t\t\t<div class=\"elementor-widget-container\">\n\t\t\t<div class='image_hover' style='' data-transition-delay=''><div class='images_holder'><a itemprop='url' href='https:\/\/2ymasesores.com\/en\/laboral\/' target='_self'><img itemprop='image' class='active_image' src='https:\/\/2ymasesores.com\/wp-content\/uploads\/2023\/09\/2ym-icono-asesoria-laboral-azul.png' alt='Asesor\u00eda Laboral, M\u00e1laga' style='' \/><img itemprop='image' class='hover_image' src='https:\/\/2ymasesores.com\/wp-content\/uploads\/2023\/09\/2ym-icono-asesoria-laboral-naranja.png' alt='Asesor\u00eda Laboral M\u00e1laga' style='' \/><\/a><\/div><\/div>\t\t<\/div>\n\t\t\t\t<\/div>\n\t\t\t\t<div class=\"elementor-element elementor-element-1fb59479 elementor-widget elementor-widget-text-editor\" data-id=\"1fb59479\" data-element_type=\"widget\" data-widget_type=\"text-editor.default\">\n\t\t\t\t<div class=\"elementor-widget-container\">\n\t\t\t\t\t\t\t<h4 style=\"text-align: center;\"><a href=\"https:\/\/2ymasesores.com\/en\/laboral\/\" data-wplink-edit=\"true\">Labor<\/a><\/h4>\t\t\t\t\t\t<\/div>\n\t\t\t\t<\/div>\n\t\t\t\t\t<\/div>\n\t\t<\/div>\n\t\t\t\t<div class=\"elementor-column elementor-col-25 elementor-inner-column elementor-element elementor-element-888ccc\" data-id=\"888ccc\" data-element_type=\"column\">\n\t\t\t<div class=\"elementor-widget-wrap elementor-element-populated\">\n\t\t\t\t\t\t<div class=\"elementor-element elementor-element-535064bd elementor-widget__width-initial elementor-widget elementor-widget-bridge_image_hover\" data-id=\"535064bd\" data-element_type=\"widget\" data-widget_type=\"bridge_image_hover.default\">\n\t\t\t\t<div class=\"elementor-widget-container\">\n\t\t\t<div class='image_hover' style='' data-transition-delay=''><div class='images_holder'><a itemprop='url' href='http:\/\/2ymasesores.com\/en\/declaraciones-de-la-renta\/' target='_self'><img itemprop='image' class='active_image' src='https:\/\/2ymasesores.com\/wp-content\/uploads\/2023\/09\/2ym-icono-asesoria-declaracion-renta-azul.png' alt='Declaraci\u00f3n de la Renta' style='' \/><img itemprop='image' class='hover_image' src='https:\/\/2ymasesores.com\/wp-content\/uploads\/2023\/09\/2ym-icono-asesoria-declaracion-renta-naranja.png' alt='Declaraciones de la Renta' style='' \/><\/a><\/div><\/div>\t\t<\/div>\n\t\t\t\t<\/div>\n\t\t\t\t<div class=\"elementor-element elementor-element-20680b32 elementor-widget elementor-widget-text-editor\" data-id=\"20680b32\" data-element_type=\"widget\" data-widget_type=\"text-editor.default\">\n\t\t\t\t<div class=\"elementor-widget-container\">\n\t\t\t\t\t\t\t<h4 style=\"text-align: center;\"><a href=\"http:\/\/2ymasesores.com\/en\/declaraciones-de-la-renta\/\">Income<\/a><\/h4>\t\t\t\t\t\t<\/div>\n\t\t\t\t<\/div>\n\t\t\t\t\t<\/div>\n\t\t<\/div>\n\t\t\t\t\t<\/div>\n\t\t<\/section>\n\t\t\t\t\t<\/div>\n\t\t<\/div>\n\t\t\t\t\t<\/div>\n\t\t<\/section>\n\t\t\t\t<section class=\"elementor-section elementor-top-section elementor-element elementor-element-ad719fb elementor-section-full_width elementor-section-height-default elementor-section-height-default parallax_section_no qode_elementor_container_no\" data-id=\"ad719fb\" data-element_type=\"section\">\n\t\t\t\t\t\t<div class=\"elementor-container elementor-column-gap-default\">\n\t\t\t\t\t<div class=\"elementor-column elementor-col-100 elementor-top-column elementor-element elementor-element-43ca9d3\" data-id=\"43ca9d3\" data-element_type=\"column\">\n\t\t\t<div class=\"elementor-widget-wrap elementor-element-populated\">\n\t\t\t\t\t\t<div class=\"elementor-element elementor-element-185e23fd elementor-widget elementor-widget-bridge_action\" data-id=\"185e23fd\" data-element_type=\"widget\" data-widget_type=\"bridge_action.default\">\n\t\t\t\t<div class=\"elementor-widget-container\">\n\t\t\t<div class=\"call_to_action  with_background_image\" style=\"padding-top: 60px;padding-bottom: 60px;background-image: url(https:\/\/2ymasesores.com\/wp-content\/uploads\/2023\/09\/call-to-action-background-image.jpg);\"><div class=\"container_inner\"><div class=\"two_columns_75_25 clearfix\"><div class=\"text_wrapper column1\"><div class=\"call_to_action_text  font_size_inherit font_weight_inherit letter_spacing_inherit\" style=\"font-size:27px;font-weight: 400;letter-spacing: 0.3px;\"><h3 style=\"color:#fff;\">Do you have doubts? Contact us<\/h3><\/div><\/div><div class=\"button_wrapper column2\"><a itemprop=\"url\" href=\"https:\/\/2ymasesores.com\/en\/contacto\/\" class=\"qbutton white medium\" target=\"_self\" style=\"color: #1f1f1f;border-color: #ffffff;background-color: #ffffff;\" data-hover-background-color=\"rgba(255,255,255,0)\" data-hover-border-color=\"#ffffff\" data-hover-color=\"#ffffff\">CONTACT<\/a><\/div><\/div><\/div><\/div>\t\t<\/div>\n\t\t\t\t<\/div>\n\t\t\t\t\t<\/div>\n\t\t<\/div>\n\t\t\t\t\t<\/div>\n\t\t<\/section>\n\t\t\t\t<\/div>","protected":false},"excerpt":{"rendered":"<p>SERVICIOS Contabilidad Toda empresa debe contar con una contabilidad lo m\u00e1s veraz y ordenada posible, y s\u00f3lo as\u00ed se podr\u00e1 conocer en todo momento la informaci\u00f3n correcta de la situaci\u00f3n empresarial, algo estrictamente necesario para la toma de decisiones que ayuden a impulsar tu negocio&#8230;.<\/p>","protected":false},"author":1,"featured_media":0,"parent":0,"menu_order":0,"comment_status":"closed","ping_status":"closed","template":"full_width.php","meta":{"footnotes":""},"class_list":["post-236","page","type-page","status-publish","hentry"],"aioseo_notices":[],"_links":{"self":[{"href":"http:\/\/2ymasesores.com\/en\/wp-json\/wp\/v2\/pages\/236"}],"collection":[{"href":"http:\/\/2ymasesores.com\/en\/wp-json\/wp\/v2\/pages"}],"about":[{"href":"http:\/\/2ymasesores.com\/en\/wp-json\/wp\/v2\/types\/page"}],"author":[{"embeddable":true,"href":"http:\/\/2ymasesores.com\/en\/wp-json\/wp\/v2\/users\/1"}],"replies":[{"embeddable":true,"href":"http:\/\/2ymasesores.com\/en\/wp-json\/wp\/v2\/comments?post=236"}],"version-history":[{"count":56,"href":"http:\/\/2ymasesores.com\/en\/wp-json\/wp\/v2\/pages\/236\/revisions"}],"predecessor-version":[{"id":1600,"href":"http:\/\/2ymasesores.com\/en\/wp-json\/wp\/v2\/pages\/236\/revisions\/1600"}],"wp:attachment":[{"href":"http:\/\/2ymasesores.com\/en\/wp-json\/wp\/v2\/media?parent=236"}],"curies":[{"name":"wp","href":"https:\/\/api.w.org\/{rel}","templated":true}]}}